{"id":290,"date":"2014-03-20T13:03:21","date_gmt":"2014-03-20T12:03:21","guid":{"rendered":"http:\/\/medicina.zeus.umh.es\/?page_id=290"},"modified":"2016-09-15T12:08:23","modified_gmt":"2016-09-15T10:08:23","slug":"practicas-de-fisioterapia","status":"publish","type":"page","link":"https:\/\/medicina.umh.es\/en\/estudiantes\/estudiantes-de-fisioterapia\/practicas-de-fisioterapia\/","title":{"rendered":"<span lang=\"es\">(Espa\u00f1ol) Pr\u00e1cticas de Fisioterapia &#8211; Estancias Cl\u00ednicas.<\/span>"},"content":{"rendered":"<p class=\"qtranxs-available-languages-message qtranxs-available-languages-message-en\">Sorry, this entry is only available in <a href=\"https:\/\/medicina.umh.es\/es\/wp-json\/wp\/v2\/pages\/290\" class=\"qtranxs-available-language-link qtranxs-available-language-link-es\" title=\"Espa\u00f1ol\">European Spanish<\/a>.<\/p>","protected":false},"excerpt":{"rendered":"<p>Sorry, this entry is only available in European Spanish.<\/p>\n","protected":false},"author":356,"featured_media":0,"parent":226,"menu_order":0,"comment_status":"closed","ping_status":"open","template":"","meta":{"_links_to":"","_links_to_target":""},"_links":{"self":[{"href":"https:\/\/medicina.umh.es\/en\/wp-json\/wp\/v2\/pages\/290"}],"collection":[{"href":"https:\/\/medicina.umh.es\/en\/wp-json\/wp\/v2\/pages"}],"about":[{"href":"https:\/\/medicina.umh.es\/en\/wp-json\/wp\/v2\/types\/page"}],"author":[{"embeddable":true,"href":"https:\/\/medicina.umh.es\/en\/wp-json\/wp\/v2\/users\/356"}],"replies":[{"embeddable":true,"href":"https:\/\/medicina.umh.es\/en\/wp-json\/wp\/v2\/comments?post=290"}],"version-history":[{"count":0,"href":"https:\/\/medicina.umh.es\/en\/wp-json\/wp\/v2\/pages\/290\/revisions"}],"up":[{"embeddable":true,"href":"https:\/\/medicina.umh.es\/en\/wp-json\/wp\/v2\/pages\/226"}],"wp:attachment":[{"href":"https:\/\/medicina.umh.es\/en\/wp-json\/wp\/v2\/media?parent=290"}],"curies":[{"name":"wp","href":"https:\/\/api.w.org\/{rel}","templated":true}]}}